{"id":2,"date":"2023-11-14T10:15:37","date_gmt":"2023-11-14T09:15:37","guid":{"rendered":"https:\/\/seyoga.es\/?page_id=2"},"modified":"2025-05-07T17:36:03","modified_gmt":"2025-05-07T15:36:03","slug":"pagina-ejemplo","status":"publish","type":"page","link":"https:\/\/seyoga.es\/en\/pagina-ejemplo\/","title":{"rendered":"Sobre m\u00ed"},"content":{"rendered":"<p><strong>\u00bfQui\u00e9n soy?<\/strong><\/p>\n\n\n\n<p>Mi nombre es Selene y vivo en tierras extreme\u00f1as. Hace unos tres a\u00f1os que el yoga y yo nos encontramos y ahora soy profe con una especializaci\u00f3n en biomec\u00e1nica.<\/p>\n\n\n\n<p><\/p>\n\n\n\n<p><strong>Mis inicios en el Yoga<\/strong><\/p>\n\n\n\n<p>Cuando el yoga apareci\u00f3 en mi vida, fue como encender una peque\u00f1a luz en una habitaci\u00f3n en sombras. En ese momento me sent\u00eda perdida, viv\u00eda una situaci\u00f3n complicada en la que ansiaba cambios, pero no sab\u00eda que quer\u00eda tampoco. No ten\u00eda motivaci\u00f3n y por el camino hab\u00eda ido olvidando quien soy realmente, y que la responsabilidad de lo que te ocurre reside en uno mismo.<br>\u00a1Que f\u00e1cil es culpar de todo al resto! Sin embargo, eso no te hace m\u00e1s consciente, sino una v\u00edctima de la crudeza de la vida olvidando que al final en \u00faltima instancia, eres t\u00fa mismo quien escribe la historia de su vida. El yoga me se\u00f1al\u00f3 el sentido de la m\u00eda, me ense\u00f1\u00f3 que tomar acci\u00f3n de forma consciente es lo que te acerca a aquello que realmente quieres; y descubr\u00ed, adem\u00e1s, en un momento en el que todo esto fue como tomar una bocanada de aire, que quer\u00eda poder trasladar todo lo que he ido aprendiendo a otras personas con el fin de ayudarlas a experimentarlo.<br>El yoga te da la oportunidad de vivir con los ojos bien abiertos. Y no importa el tiempo que lleves \u2018\u2019dormido\u2019\u2019, nunca es tarde para volver a nacer.<br>Tras descubrir por fin mi prop\u00f3sito me decid\u00ed a hacer un curso para poder ense\u00f1ar; m\u00e1s adelante hice la especializaci\u00f3n en biomec\u00e1nica, para poder tener el conocimiento necesario para adaptar una pr\u00e1ctica f\u00edsica de yoga.<br>Olv\u00eddate de conceptos como que el yoga es lesivo; lo que es lesivo es pretender llegar a ciertas posturas sin tener en cuenta tu propio cuerpo.<br>Acomp\u00e1\u00f1ame a descubrirte.<br>\u00bfTe atreves?<br>Nos vemos por aqu\u00ed<\/p>","protected":false},"excerpt":{"rendered":"<p>\u00bfQui\u00e9n soy? Mi nombre es Selene y vivo en tierras extreme\u00f1as. Hace unos tres a\u00f1os que el yoga y yo nos encontramos y ahora soy profe con una especializaci\u00f3n en biomec\u00e1nica. Mis inicios en el Yoga Cuando el yoga apareci\u00f3 en mi vida, fue como encender una peque\u00f1a luz en una habitaci\u00f3n en sombras. En ese momento me sent\u00eda perdida, viv\u00eda una situaci\u00f3n complicada en la que ansiaba cambios, pero no sab\u00eda que quer\u00eda tampoco. No ten\u00eda motivaci\u00f3n y por el camino hab\u00eda ido olvidando quien soy realmente, y que la responsabilidad de lo que te ocurre reside en uno&#8230; <\/p>\n","protected":false},"author":1,"featured_media":0,"parent":0,"menu_order":0,"comment_status":"closed","ping_status":"open","template":"","meta":{"footnotes":""},"class_list":["post-2","page","type-page","status-publish","hentry"],"_links":{"self":[{"href":"https:\/\/seyoga.es\/en\/wp-json\/wp\/v2\/pages\/2","targetHints":{"allow":["GET"]}}],"collection":[{"href":"https:\/\/seyoga.es\/en\/wp-json\/wp\/v2\/pages"}],"about":[{"href":"https:\/\/seyoga.es\/en\/wp-json\/wp\/v2\/types\/page"}],"author":[{"embeddable":true,"href":"https:\/\/seyoga.es\/en\/wp-json\/wp\/v2\/users\/1"}],"replies":[{"embeddable":true,"href":"https:\/\/seyoga.es\/en\/wp-json\/wp\/v2\/comments?post=2"}],"version-history":[{"count":3,"href":"https:\/\/seyoga.es\/en\/wp-json\/wp\/v2\/pages\/2\/revisions"}],"predecessor-version":[{"id":182,"href":"https:\/\/seyoga.es\/en\/wp-json\/wp\/v2\/pages\/2\/revisions\/182"}],"wp:attachment":[{"href":"https:\/\/seyoga.es\/en\/wp-json\/wp\/v2\/media?parent=2"}],"curies":[{"name":"wp","href":"https:\/\/api.w.org\/{rel}","templated":true}]}}